{"id":247,"date":"2026-01-20T09:47:09","date_gmt":"2026-01-20T09:47:09","guid":{"rendered":"https:\/\/remexer.com\/gal\/?page_id=247"},"modified":"2026-01-20T09:47:09","modified_gmt":"2026-01-20T09:47:09","slug":"8-poesia-da-posguerra","status":"publish","type":"page","link":"https:\/\/remexer.com\/gal\/8-poesia-da-posguerra\/","title":{"rendered":"8. Poes\u00eda da posguerra"},"content":{"rendered":"\n<figure class=\"wp-block-image size-large\"><a href=\"https:\/\/remexer.com\/interactivas\/poepos\/poepos.html\" target=\"_blank\" rel=\" noreferrer noopener\"><img loading=\"lazy\" decoding=\"async\" width=\"1024\" height=\"572\" src=\"https:\/\/remexer.com\/gal\/wp-content\/uploads\/2026\/01\/Captura-de-ecra-2026-01-20-as-10.40.43-1024x572.png\" alt=\"\" class=\"wp-image-248\" srcset=\"https:\/\/remexer.com\/gal\/wp-content\/uploads\/2026\/01\/Captura-de-ecra-2026-01-20-as-10.40.43-1024x572.png 1024w, https:\/\/remexer.com\/gal\/wp-content\/uploads\/2026\/01\/Captura-de-ecra-2026-01-20-as-10.40.43-300x168.png 300w, https:\/\/remexer.com\/gal\/wp-content\/uploads\/2026\/01\/Captura-de-ecra-2026-01-20-as-10.40.43-768x429.png 768w, https:\/\/remexer.com\/gal\/wp-content\/uploads\/2026\/01\/Captura-de-ecra-2026-01-20-as-10.40.43-1300x726.png 1300w, https:\/\/remexer.com\/gal\/wp-content\/uploads\/2026\/01\/Captura-de-ecra-2026-01-20-as-10.40.43.png 1504w\" sizes=\"auto, (max-width: 1024px) 100vw, 1024px\" \/><\/a><\/figure>\n\n\n\n<p>+ <a href=\"https:\/\/drive.google.com\/file\/d\/1e6eCDLkOBTjraNWpq4GF7Y82JGc82EME\/view?usp=sharing\" target=\"_blank\" rel=\"noreferrer noopener\">Documento s\u00edntese das li\u00f1as po\u00e9ticas<\/a>.<\/p>\n\n\n\n<p><\/p>\n","protected":false},"excerpt":{"rendered":"<p>+ Documento s\u00edntese das li\u00f1as po\u00e9ticas.<\/p>\n","protected":false},"author":1,"featured_media":0,"parent":0,"menu_order":0,"comment_status":"closed","ping_status":"closed","template":"","meta":{"footnotes":""},"class_list":["post-247","page","type-page","status-publish","hentry"],"featured_image_urls":{"full":"","thumbnail":"","medium":"","medium_large":"","large":"","1536x1536":"","2048x2048":"","vlarge":""},"post_excerpt_stackable":"<p>+ Documento s\u00edntese das li\u00f1as po\u00e9ticas.<\/p>\n","category_list":"","author_info":{"name":"admin","url":"https:\/\/remexer.com\/gal\/author\/admin\/"},"comments_num":"0 comments","_links":{"self":[{"href":"https:\/\/remexer.com\/gal\/wp-json\/wp\/v2\/pages\/247","targetHints":{"allow":["GET"]}}],"collection":[{"href":"https:\/\/remexer.com\/gal\/wp-json\/wp\/v2\/pages"}],"about":[{"href":"https:\/\/remexer.com\/gal\/wp-json\/wp\/v2\/types\/page"}],"author":[{"embeddable":true,"href":"https:\/\/remexer.com\/gal\/wp-json\/wp\/v2\/users\/1"}],"replies":[{"embeddable":true,"href":"https:\/\/remexer.com\/gal\/wp-json\/wp\/v2\/comments?post=247"}],"version-history":[{"count":1,"href":"https:\/\/remexer.com\/gal\/wp-json\/wp\/v2\/pages\/247\/revisions"}],"predecessor-version":[{"id":250,"href":"https:\/\/remexer.com\/gal\/wp-json\/wp\/v2\/pages\/247\/revisions\/250"}],"wp:attachment":[{"href":"https:\/\/remexer.com\/gal\/wp-json\/wp\/v2\/media?parent=247"}],"curies":[{"name":"wp","href":"https:\/\/api.w.org\/{rel}","templated":true}]}}