{"id":188,"date":"2025-11-09T14:57:56","date_gmt":"2025-11-09T14:57:56","guid":{"rendered":"https:\/\/remexer.com\/gal\/?page_id=188"},"modified":"2026-01-20T09:54:21","modified_gmt":"2026-01-20T09:54:21","slug":"188-2","status":"publish","type":"page","link":"https:\/\/remexer.com\/gal\/","title":{"rendered":""},"content":{"rendered":"\n<div class=\"wp-block-group has-very-light-gray-to-cyan-bluish-gray-gradient-background has-text-color has-background has-link-color has-medium-font-size wp-elements-a528d115322c5a4155d83f6c4466d96e\" style=\"color:#30005d\"><div class=\"wp-block-group__inner-container is-layout-constrained wp-block-group-is-layout-constrained\">\n<div class=\"wp-block-query is-layout-flow wp-block-query-is-layout-flow\"><ul class=\"columns-4 wp-block-post-template has-background has-white-background-color is-layout-grid wp-container-core-post-template-is-layout-b954fd2f wp-block-post-template-is-layout-grid\"><li class=\"wp-block-post post-188 page type-page status-publish hentry\">\n\n<div class=\"wp-block-group\" style=\"padding-top:30px;padding-right:30px;padding-bottom:30px;padding-left:30px\"><div class=\"wp-block-group__inner-container is-layout-flow wp-block-group-is-layout-flow\"><\/div><\/div>\n\n\n\n<p><\/p>\n\n<\/li><li class=\"wp-block-post post-223 page type-page status-publish hentry\">\n\n<div class=\"wp-block-group\" style=\"padding-top:30px;padding-right:30px;padding-bottom:30px;padding-left:30px\"><div class=\"wp-block-group__inner-container is-layout-flow wp-block-group-is-layout-flow\"><h2 class=\"wp-block-post-title\"><a href=\"https:\/\/remexer.com\/gal\/223-2\/\" target=\"_self\" >+ Linguaxe inclusiva<\/a><\/h2><\/div><\/div>\n\n\n\n<p><\/p>\n\n<\/li><li class=\"wp-block-post post-146 page type-page status-publish hentry\">\n\n<div class=\"wp-block-group\" style=\"padding-top:30px;padding-right:30px;padding-bottom:30px;padding-left:30px\"><div class=\"wp-block-group__inner-container is-layout-flow wp-block-group-is-layout-flow\"><h2 class=\"wp-block-post-title\"><a href=\"https:\/\/remexer.com\/gal\/pau\/\" target=\"_self\" >1. PAU 25-26<\/a><\/h2><\/div><\/div>\n\n\n\n<p><\/p>\n\n<\/li><li class=\"wp-block-post post-144 page type-page status-publish hentry\">\n\n<div class=\"wp-block-group\" style=\"padding-top:30px;padding-right:30px;padding-bottom:30px;padding-left:30px\"><div class=\"wp-block-group__inner-container is-layout-flow wp-block-group-is-layout-flow\"><h2 class=\"wp-block-post-title\"><a href=\"https:\/\/remexer.com\/gal\/bloques-e-areas-en-mapa\/\" target=\"_self\" >2. Bloques e \u00e1reas en mapa<\/a><\/h2><\/div><\/div>\n\n\n\n<p><\/p>\n\n<\/li><li class=\"wp-block-post post-149 page type-page status-publish hentry\">\n\n<div class=\"wp-block-group\" style=\"padding-top:30px;padding-right:30px;padding-bottom:30px;padding-left:30px\"><div class=\"wp-block-group__inner-container is-layout-flow wp-block-group-is-layout-flow\"><h2 class=\"wp-block-post-title\"><a href=\"https:\/\/remexer.com\/gal\/a-lingua-no-1o-terzo-do-xx\/\" target=\"_self\" >3. Sociedade e lingua na preguerra<\/a><\/h2><\/div><\/div>\n\n\n\n<p><\/p>\n\n<\/li><li class=\"wp-block-post post-152 page type-page status-publish hentry\">\n\n<div class=\"wp-block-group\" style=\"padding-top:30px;padding-right:30px;padding-bottom:30px;padding-left:30px\"><div class=\"wp-block-group__inner-container is-layout-flow wp-block-group-is-layout-flow\"><h2 class=\"wp-block-post-title\"><a href=\"https:\/\/remexer.com\/gal\/poesia-de-preguerra\/\" target=\"_self\" >4. Poes\u00eda de preguerra<\/a><\/h2><\/div><\/div>\n\n\n\n<p><\/p>\n\n<\/li><li class=\"wp-block-post post-155 page type-page status-publish hentry\">\n\n<div class=\"wp-block-group\" style=\"padding-top:30px;padding-right:30px;padding-bottom:30px;padding-left:30px\"><div class=\"wp-block-group__inner-container is-layout-flow wp-block-group-is-layout-flow\"><h2 class=\"wp-block-post-title\"><a href=\"https:\/\/remexer.com\/gal\/prosa-de-preguerra\/\" target=\"_self\" >5. Prosa de preguerra<\/a><\/h2><\/div><\/div>\n\n\n\n<p><\/p>\n\n<\/li><li class=\"wp-block-post post-183 page type-page status-publish hentry\">\n\n<div class=\"wp-block-group\" style=\"padding-top:30px;padding-right:30px;padding-bottom:30px;padding-left:30px\"><div class=\"wp-block-group__inner-container is-layout-flow wp-block-group-is-layout-flow\"><h2 class=\"wp-block-post-title\"><a href=\"https:\/\/remexer.com\/gal\/teatro-de-preguerra\/\" target=\"_self\" >6. Teatro de preguerra<\/a><\/h2><\/div><\/div>\n\n\n\n<p><\/p>\n\n<\/li><\/ul><\/div>\n<\/div><\/div>\n\n\n\n<figure class=\"wp-block-embed is-type-wp-embed is-provider-recursos-visuais-para-as-aulas wp-block-embed-recursos-visuais-para-as-aulas\"><div class=\"wp-block-embed__wrapper\">\n<blockquote class=\"wp-embedded-content\" data-secret=\"Lefbabe1Vt\"><a href=\"https:\/\/remexer.com\/gal\/a-lingua-durante-o-franquismo\/\">7. A lingua durante o franquismo<\/a><\/blockquote><iframe loading=\"lazy\" class=\"wp-embedded-content\" sandbox=\"allow-scripts\" security=\"restricted\" style=\"position: absolute; visibility: hidden;\" title=\"&#8220;7. A lingua durante o franquismo&#8221; &#8212; Recursos visuais para as aulas\" src=\"https:\/\/remexer.com\/gal\/a-lingua-durante-o-franquismo\/embed\/#?secret=kSTGO7wSlb#?secret=Lefbabe1Vt\" data-secret=\"Lefbabe1Vt\" width=\"600\" height=\"338\" frameborder=\"0\" marginwidth=\"0\" marginheight=\"0\" scrolling=\"no\"><\/iframe>\n<\/div><\/figure>\n\n\n\n<figure class=\"wp-block-embed is-type-wp-embed is-provider-recursos-visuais-para-as-aulas wp-block-embed-recursos-visuais-para-as-aulas\"><div class=\"wp-block-embed__wrapper\">\n<blockquote class=\"wp-embedded-content\" data-secret=\"MxHMbvkqmz\"><a href=\"https:\/\/remexer.com\/gal\/8-poesia-da-posguerra\/\">8. Poes\u00eda da posguerra<\/a><\/blockquote><iframe loading=\"lazy\" class=\"wp-embedded-content\" sandbox=\"allow-scripts\" security=\"restricted\" style=\"position: absolute; visibility: hidden;\" title=\"&#8220;8. Poes\u00eda da posguerra&#8221; &#8212; Recursos visuais para as aulas\" src=\"https:\/\/remexer.com\/gal\/8-poesia-da-posguerra\/embed\/#?secret=OvOW4WpmH8#?secret=MxHMbvkqmz\" data-secret=\"MxHMbvkqmz\" width=\"600\" height=\"338\" frameborder=\"0\" marginwidth=\"0\" marginheight=\"0\" scrolling=\"no\"><\/iframe>\n<\/div><\/figure>\n\n\n\n<figure class=\"wp-block-embed is-type-wp-embed is-provider-recursos-visuais-para-as-aulas wp-block-embed-recursos-visuais-para-as-aulas\"><div class=\"wp-block-embed__wrapper\">\n<blockquote class=\"wp-embedded-content\" data-secret=\"KVhUkFXEfc\"><a href=\"https:\/\/remexer.com\/gal\/9-prosa-da-posguerra\/\">9. Prosa da posguerra<\/a><\/blockquote><iframe loading=\"lazy\" class=\"wp-embedded-content\" sandbox=\"allow-scripts\" security=\"restricted\" style=\"position: absolute; visibility: hidden;\" title=\"&#8220;9. Prosa da posguerra&#8221; &#8212; Recursos visuais para as aulas\" src=\"https:\/\/remexer.com\/gal\/9-prosa-da-posguerra\/embed\/#?secret=8UgvGIvIC7#?secret=KVhUkFXEfc\" data-secret=\"KVhUkFXEfc\" width=\"600\" height=\"338\" frameborder=\"0\" marginwidth=\"0\" marginheight=\"0\" scrolling=\"no\"><\/iframe>\n<\/div><\/figure>\n","protected":false},"excerpt":{"rendered":"","protected":false},"author":1,"featured_media":0,"parent":0,"menu_order":0,"comment_status":"closed","ping_status":"closed","template":"","meta":{"footnotes":""},"class_list":["post-188","page","type-page","status-publish","hentry"],"featured_image_urls":{"full":"","thumbnail":"","medium":"","medium_large":"","large":"","1536x1536":"","2048x2048":"","vlarge":""},"post_excerpt_stackable":"<p>+ Linguaxe inclusiva 1. PAU 25-26 2. Bloques e \u00e1reas en mapa 3. Sociedade e lingua na preguerra 4. Poes\u00eda de preguerra 5. Prosa de preguerra 6. Teatro de preguerra 7. A lingua durante o franquismo 8. Poes\u00eda da posguerra 9. Prosa da posguerra<\/p>\n","category_list":"","author_info":{"name":"admin","url":"https:\/\/remexer.com\/gal\/author\/admin\/"},"comments_num":"0 comments","_links":{"self":[{"href":"https:\/\/remexer.com\/gal\/wp-json\/wp\/v2\/pages\/188","targetHints":{"allow":["GET"]}}],"collection":[{"href":"https:\/\/remexer.com\/gal\/wp-json\/wp\/v2\/pages"}],"about":[{"href":"https:\/\/remexer.com\/gal\/wp-json\/wp\/v2\/types\/page"}],"author":[{"embeddable":true,"href":"https:\/\/remexer.com\/gal\/wp-json\/wp\/v2\/users\/1"}],"replies":[{"embeddable":true,"href":"https:\/\/remexer.com\/gal\/wp-json\/wp\/v2\/comments?post=188"}],"version-history":[{"count":14,"href":"https:\/\/remexer.com\/gal\/wp-json\/wp\/v2\/pages\/188\/revisions"}],"predecessor-version":[{"id":256,"href":"https:\/\/remexer.com\/gal\/wp-json\/wp\/v2\/pages\/188\/revisions\/256"}],"wp:attachment":[{"href":"https:\/\/remexer.com\/gal\/wp-json\/wp\/v2\/media?parent=188"}],"curies":[{"name":"wp","href":"https:\/\/api.w.org\/{rel}","templated":true}]}}